{"id":479,"date":"2018-09-19T12:09:05","date_gmt":"2018-09-19T10:09:05","guid":{"rendered":"https:\/\/iesoreynodenavarra.educacion.navarra.es\/web1\/?page_id=479"},"modified":"2018-09-19T12:09:05","modified_gmt":"2018-09-19T10:09:05","slug":"mision-vision-y-valores","status":"publish","type":"page","link":"https:\/\/iesoreynodenavarra.educacion.navarra.es\/web1\/mision-vision-y-valores\/","title":{"rendered":"Misi\u00f3n, visi\u00f3n y valores"},"content":{"rendered":"<p align=\"LEFT\"><span style=\"font-family: Arial, sans-serif;\"><span style=\"font-size: small;\">La Misi\u00f3n del IESO REYNO DE NAVARRA es:<\/span><\/span><\/p>\n<p align=\"LEFT\">\u201c<span style=\"font-family: Arial, sans-serif;\"><span style=\"font-size: small;\">Prestar un servicio educativo que satisfaga las necesidades y aspiraciones del alumnado y de sus familias, impartiendo una ense\u00f1anza de calidad, un servicio educativo abierto a las innovaciones y requerimientos de la comunidad escolar y de la sociedad, que tenga en cuenta las peculiaridades individuales de los alumnos, les posibilite desarrollarse a nivel personal, les permita progresar en el mundo acad\u00e9mico y prepare para la vida\u201d.<\/span><\/span><!--more--><\/p>\n<p align=\"LEFT\"><span style=\"font-family: Arial, sans-serif;\"><span style=\"font-size: small;\">Los VALORES que nuestro Instituto considera adecuados fomentar y potenciar son:<\/span><\/span><\/p>\n<p align=\"LEFT\"><span style=\"font-family: Arial, sans-serif;\"><span style=\"font-size: small;\">Fomentar la autonom\u00eda y libertad de las personas para vivir y pensar de acuerdo con sus propias convicciones y en el respeto de las ajenas.<br \/>\nVelar porque nadie sea discriminado por causa alguna, se respete la igualdad de oportunidades y se favorezca la integraci\u00f3n.<br \/>\nFomentar el h\u00e1bito de lectura, el trabajo intelectual y la sensibilidad art\u00edstica.<br \/>\nCrear un ambiente de trabajo en el que se valore el esfuerzo individual, la superaci\u00f3n de dificultades y la progresiva asunci\u00f3n de responsabilidades.<br \/>\nFomentar el aprendizaje de lenguas vern\u00e1culas y extranjeras.<br \/>\nVelar por el cuidado de las instalaciones, el entorno pr\u00f3ximo y el medio ambiente.<br \/>\nFomentar h\u00e1bitos cooperativos mediante el trabajo en equipo.<br \/>\nDesarrollar en el alumnado una visi\u00f3n ajustada de s\u00ed mismos.<br \/>\nPotenciar la creatividad, el esp\u00edritu cr\u00edtico y la autonom\u00eda personal e intelectual.<\/span><\/span><\/p>\n<p align=\"LEFT\"><span style=\"font-family: Arial, sans-serif;\"><span style=\"font-size: small;\">La VISI\u00d3N es la de un Centro que aspira a:<\/span><\/span><\/p>\n<p align=\"LEFT\"><span style=\"font-family: Arial, sans-serif;\"><span style=\"font-size: small;\">Dar respuesta a las necesidades educativas de todo el alumnado.<br \/>\nQue nuestras familias se sientan satisfechas e integradas, y que nuestro centro sea un referente educativo y cultural del entorno.<br \/>\nCrear un buen clima de convivencia que, basado en el respeto mutuo, permita un ambiente de trabajo adecuado en todas las actividades del centro.<br \/>\nPropiciar la participaci\u00f3n, el dinamismo y la capacidad de generar cambios positivos en la vida comunitaria.<br \/>\nFormar al alumnado en el aprendizaje de idiomas.<br \/>\nInstruir al alumnado en los nuevos avances cient\u00edficos y tecnol\u00f3gicos.<br \/>\nTener recursos did\u00e1cticos actualizados que permitan realizar su labor educativa con la mayor eficacia posible.<\/span><\/span><\/p>\n","protected":false},"excerpt":{"rendered":"<p>La Misi\u00f3n del IESO REYNO DE NAVARRA es: \u201cPrestar un servicio educativo que satisfaga las necesidades y aspiraciones del alumnado y de sus familias, impartiendo una ense\u00f1anza de calidad, un servicio educativo abierto a las innovaciones y requerimientos de la comunidad escolar y de la sociedad, que tenga en cuenta las peculiaridades individuales de los &hellip; <a href=\"https:\/\/iesoreynodenavarra.educacion.navarra.es\/web1\/mision-vision-y-valores\/\" class=\"more-link\">Seguir leyendo <span class=\"screen-reader-text\">Misi\u00f3n, visi\u00f3n y valores<\/span> <span class=\"meta-nav\">&rarr;<\/span><\/a><\/p>\n","protected":false},"author":1,"featured_media":0,"parent":0,"menu_order":0,"comment_status":"closed","ping_status":"closed","template":"","meta":[],"_links":{"self":[{"href":"https:\/\/iesoreynodenavarra.educacion.navarra.es\/web1\/wp-json\/wp\/v2\/pages\/479"}],"collection":[{"href":"https:\/\/iesoreynodenavarra.educacion.navarra.es\/web1\/wp-json\/wp\/v2\/pages"}],"about":[{"href":"https:\/\/iesoreynodenavarra.educacion.navarra.es\/web1\/wp-json\/wp\/v2\/types\/page"}],"author":[{"embeddable":true,"href":"https:\/\/iesoreynodenavarra.educacion.navarra.es\/web1\/wp-json\/wp\/v2\/users\/1"}],"replies":[{"embeddable":true,"href":"https:\/\/iesoreynodenavarra.educacion.navarra.es\/web1\/wp-json\/wp\/v2\/comments?post=479"}],"version-history":[{"count":1,"href":"https:\/\/iesoreynodenavarra.educacion.navarra.es\/web1\/wp-json\/wp\/v2\/pages\/479\/revisions"}],"predecessor-version":[{"id":480,"href":"https:\/\/iesoreynodenavarra.educacion.navarra.es\/web1\/wp-json\/wp\/v2\/pages\/479\/revisions\/480"}],"wp:attachment":[{"href":"https:\/\/iesoreynodenavarra.educacion.navarra.es\/web1\/wp-json\/wp\/v2\/media?parent=479"}],"curies":[{"name":"wp","href":"https:\/\/api.w.org\/{rel}","templated":true}]}}