{"id":2012,"date":"2025-10-08T11:57:46","date_gmt":"2025-10-08T09:57:46","guid":{"rendered":"https:\/\/iesoreynodenavarra.educacion.navarra.es\/web1\/?page_id=2012"},"modified":"2025-10-08T11:57:46","modified_gmt":"2025-10-08T09:57:46","slug":"actuacion-revision-documentos-de-evaluacion","status":"publish","type":"page","link":"https:\/\/iesoreynodenavarra.educacion.navarra.es\/web1\/actuacion-revision-documentos-de-evaluacion\/","title":{"rendered":"ACTUACI\u00d3N REVISI\u00d3N DOCUMENTOS DE EVALUACI\u00d3N"},"content":{"rendered":"\n<div class=\"wp-block-file\"><object class=\"wp-block-file__embed\" data=\"https:\/\/iesoreynodenavarra.educacion.navarra.es\/web1\/wp-content\/uploads\/2025\/10\/DC0043-GUION-Actuaciones-revision-examenes.pdf\" type=\"application\/pdf\" style=\"width:100%;height:600px\" aria-label=\"Incrustado de DC0043-GUION-Actuaciones-revision-examenes.\"><\/object><a id=\"wp-block-file--media-18b0c240-a729-47fd-9526-46beab968efa\" href=\"https:\/\/iesoreynodenavarra.educacion.navarra.es\/web1\/wp-content\/uploads\/2025\/10\/DC0043-GUION-Actuaciones-revision-examenes.pdf\">DC0043-GUION-Actuaciones-revision-examenes<\/a><a href=\"https:\/\/iesoreynodenavarra.educacion.navarra.es\/web1\/wp-content\/uploads\/2025\/10\/DC0043-GUION-Actuaciones-revision-examenes.pdf\" class=\"wp-block-file__button\" download aria-describedby=\"wp-block-file--media-18b0c240-a729-47fd-9526-46beab968efa\">Descarga<\/a><\/div>\n","protected":false},"excerpt":{"rendered":"","protected":false},"author":1,"featured_media":0,"parent":0,"menu_order":0,"comment_status":"closed","ping_status":"closed","template":"","meta":[],"_links":{"self":[{"href":"https:\/\/iesoreynodenavarra.educacion.navarra.es\/web1\/wp-json\/wp\/v2\/pages\/2012"}],"collection":[{"href":"https:\/\/iesoreynodenavarra.educacion.navarra.es\/web1\/wp-json\/wp\/v2\/pages"}],"about":[{"href":"https:\/\/iesoreynodenavarra.educacion.navarra.es\/web1\/wp-json\/wp\/v2\/types\/page"}],"author":[{"embeddable":true,"href":"https:\/\/iesoreynodenavarra.educacion.navarra.es\/web1\/wp-json\/wp\/v2\/users\/1"}],"replies":[{"embeddable":true,"href":"https:\/\/iesoreynodenavarra.educacion.navarra.es\/web1\/wp-json\/wp\/v2\/comments?post=2012"}],"version-history":[{"count":1,"href":"https:\/\/iesoreynodenavarra.educacion.navarra.es\/web1\/wp-json\/wp\/v2\/pages\/2012\/revisions"}],"predecessor-version":[{"id":2015,"href":"https:\/\/iesoreynodenavarra.educacion.navarra.es\/web1\/wp-json\/wp\/v2\/pages\/2012\/revisions\/2015"}],"wp:attachment":[{"href":"https:\/\/iesoreynodenavarra.educacion.navarra.es\/web1\/wp-json\/wp\/v2\/media?parent=2012"}],"curies":[{"name":"wp","href":"https:\/\/api.w.org\/{rel}","templated":true}]}}